{"id":29,"date":"2025-10-05T13:39:17","date_gmt":"2025-10-05T11:39:17","guid":{"rendered":"https:\/\/purpledog.lu\/fr\/?page_id=29"},"modified":"2025-10-05T13:43:15","modified_gmt":"2025-10-05T11:43:15","slug":"contactez-nous","status":"publish","type":"page","link":"https:\/\/purpledog.lu\/fr\/contactez-nous\/","title":{"rendered":"Contactez-nous"},"content":{"rendered":"<h1 data-start=\"174\" data-end=\"226\">Contactez The Purple Dog S\u00e0rl \u00e0 Howald, Luxembourg<\/h1>\n<p data-start=\"228\" data-end=\"447\">Bienvenue sur la page de contact de <strong data-start=\"264\" data-end=\"287\">The Purple Dog S\u00e0rl<\/strong>, votre partenaire de confiance bas\u00e9 \u00e0 <strong data-start=\"326\" data-end=\"348\">Howald, Luxembourg<\/strong>. Pour toute question, renseignement ou prise de rendez-vous, notre \u00e9quipe est \u00e0 votre disposition.<\/p>\n<hr data-start=\"449\" data-end=\"452\" \/>\n<h2 data-start=\"454\" data-end=\"486\">Informations sur l\u2019entreprise<\/h2>\n<p data-start=\"488\" data-end=\"632\"><strong data-start=\"488\" data-end=\"497\">Nom :<\/strong> The Purple Dog S\u00e0rl<br data-start=\"517\" data-end=\"520\" \/><strong data-start=\"520\" data-end=\"533\">Adresse :<\/strong> 185B, Route de Thionville, L-2611 Howald, Luxembourg<br data-start=\"586\" data-end=\"589\" \/><strong data-start=\"589\" data-end=\"614\">Personne de contact :<\/strong> Nicole Theobald<\/p>\n<hr data-start=\"634\" data-end=\"637\" \/>\n<h2 data-start=\"639\" data-end=\"653\">Coordonn\u00e9es<\/h2>\n<ul data-start=\"655\" data-end=\"808\">\n<li data-start=\"655\" data-end=\"695\">\n<p data-start=\"657\" data-end=\"695\"><strong data-start=\"657\" data-end=\"677\">T\u00e9l\u00e9phone fixe :<\/strong> +352 264 826 49<\/p>\n<\/li>\n<li data-start=\"696\" data-end=\"739\">\n<p data-start=\"698\" data-end=\"739\"><strong data-start=\"698\" data-end=\"720\">T\u00e9l\u00e9phone mobile :<\/strong> +352 621 476 077<\/p>\n<\/li>\n<li data-start=\"740\" data-end=\"808\">\n<p data-start=\"742\" data-end=\"808\"><strong data-start=\"742\" data-end=\"754\">E-mail :<\/strong> <a class=\"decorated-link cursor-pointer\" rel=\"noopener\" data-start=\"755\" data-end=\"806\">contact@purpledog.lu<\/a><\/p>\n<\/li>\n<\/ul>\n<p data-start=\"810\" data-end=\"1006\">Pour toute demande rapide ou urgente, n\u2019h\u00e9sitez pas \u00e0 nous contacter par t\u00e9l\u00e9phone ou par e-mail. Nous r\u00e9pondons \u00e0 toutes vos questions concernant nos services \u00e0 Howald et dans tout le Luxembourg.<\/p>\n<hr data-start=\"1008\" data-end=\"1011\" \/>\n<p data-start=\"1038\" data-end=\"1103\">\n<h2 data-start=\"1110\" data-end=\"1139\">Localisation et itin\u00e9raire<\/h2>\n<p data-start=\"1141\" data-end=\"1275\"><strong data-start=\"1141\" data-end=\"1164\">The Purple Dog S\u00e0rl<\/strong> est situ\u00e9 au c\u0153ur de <strong data-start=\"1186\" data-end=\"1196\">Howald<\/strong>, facilement accessible depuis Luxembourg-Ville et les communes avoisinantes.<\/p>\n<ul data-start=\"1277\" data-end=\"1405\">\n<li data-start=\"1277\" data-end=\"1405\">\n<p data-start=\"1279\" data-end=\"1405\"><a class=\"decorated-link cursor-pointer\" target=\"_new\" rel=\"noopener\" data-start=\"1279\" data-end=\"1403\">Voir l\u2019emplacement sur Google Maps<\/a><\/p>\n<\/li>\n<\/ul>\n<p data-start=\"1407\" data-end=\"1589\">Conseil SEO local : inclure sur la page les mots-cl\u00e9s suivants pour am\u00e9liorer la visibilit\u00e9 : <strong data-start=\"1501\" data-end=\"1588\">entreprise \u00e0 Howald, contact Howald, services Luxembourg, The Purple Dog Luxembourg<\/strong>.<\/p>\n<hr data-start=\"1591\" data-end=\"1594\" \/>\n<h2 data-start=\"1596\" data-end=\"1620\">Formulaire de contact<\/h2>\n<p data-start=\"1622\" data-end=\"1744\">Pour toute demande ou r\u00e9servation, remplissez le formulaire ci-dessous. Nous vous r\u00e9pondrons dans les plus brefs d\u00e9lais.<\/p>\n<p data-start=\"1746\" data-end=\"1806\"><strong data-start=\"1746\" data-end=\"1755\">Nom :<\/strong><br data-start=\"1755\" data-end=\"1758\" \/><strong data-start=\"1758\" data-end=\"1770\">E-mail :<\/strong><br data-start=\"1770\" data-end=\"1773\" \/><strong data-start=\"1773\" data-end=\"1788\">T\u00e9l\u00e9phone :<\/strong><br data-start=\"1788\" data-end=\"1791\" \/><strong data-start=\"1791\" data-end=\"1804\">Message :<\/strong><\/p>\n<p data-start=\"1808\" data-end=\"1817\">[Envoyer]\n<hr data-start=\"1819\" data-end=\"1822\" \/>\n<h2 data-start=\"1824\" data-end=\"1852\">Pourquoi nous contacter ?<\/h2>\n<ul data-start=\"1854\" data-end=\"2004\">\n<li data-start=\"1854\" data-end=\"1907\">\n<p data-start=\"1856\" data-end=\"1907\">Assistance personnalis\u00e9e avec <strong data-start=\"1886\" data-end=\"1905\">Nicole Theobald<\/strong><\/p>\n<\/li>\n<li data-start=\"1908\" data-end=\"1955\">\n<p data-start=\"1910\" data-end=\"1955\">Informations sur nos services au Luxembourg<\/p>\n<\/li>\n<li data-start=\"1956\" data-end=\"2004\">\n<p data-start=\"1958\" data-end=\"2004\">R\u00e9ponses rapides \u00e0 vos questions et demandes<\/p>\n<\/li>\n<\/ul>\n","protected":false},"excerpt":{"rendered":"<p>Contactez The Purple Dog S\u00e0rl \u00e0 Howald, Luxembourg Bienvenue sur la page de contact de The Purple Dog S\u00e0rl, votre partenaire de confiance bas\u00e9 \u00e0 Howald, Luxembourg. Pour toute question, renseignement ou prise de rendez-vous, notre \u00e9quipe est \u00e0 votre disposition. Informations sur l\u2019entreprise Nom : The Purple Dog S\u00e0rlAdresse : 185B, Route de Thionville, [&hellip;]<\/p>\n","protected":false},"author":1,"featured_media":0,"parent":0,"menu_order":0,"comment_status":"closed","ping_status":"closed","template":"","meta":{"_et_pb_use_builder":"","_et_pb_old_content":"","_et_gb_content_width":"","footnotes":""},"class_list":["post-29","page","type-page","status-publish","hentry"],"_links":{"self":[{"href":"https:\/\/purpledog.lu\/fr\/wp-json\/wp\/v2\/pages\/29","targetHints":{"allow":["GET"]}}],"collection":[{"href":"https:\/\/purpledog.lu\/fr\/wp-json\/wp\/v2\/pages"}],"about":[{"href":"https:\/\/purpledog.lu\/fr\/wp-json\/wp\/v2\/types\/page"}],"author":[{"embeddable":true,"href":"https:\/\/purpledog.lu\/fr\/wp-json\/wp\/v2\/users\/1"}],"replies":[{"embeddable":true,"href":"https:\/\/purpledog.lu\/fr\/wp-json\/wp\/v2\/comments?post=29"}],"version-history":[{"count":3,"href":"https:\/\/purpledog.lu\/fr\/wp-json\/wp\/v2\/pages\/29\/revisions"}],"predecessor-version":[{"id":33,"href":"https:\/\/purpledog.lu\/fr\/wp-json\/wp\/v2\/pages\/29\/revisions\/33"}],"wp:attachment":[{"href":"https:\/\/purpledog.lu\/fr\/wp-json\/wp\/v2\/media?parent=29"}],"curies":[{"name":"wp","href":"https:\/\/api.w.org\/{rel}","templated":true}]}}