{"id":20,"date":"2025-10-05T11:06:34","date_gmt":"2025-10-05T09:06:34","guid":{"rendered":"https:\/\/purpledog.lu\/fr\/?page_id=20"},"modified":"2025-10-05T11:06:34","modified_gmt":"2025-10-05T09:06:34","slug":"politique-de-confidentialite","status":"publish","type":"page","link":"https:\/\/purpledog.lu\/fr\/politique-de-confidentialite\/","title":{"rendered":"Politique de confidentialit\u00e9"},"content":{"rendered":"<h2>Politique de confidentialit\u00e9<\/h2>\n<h3>1. Responsable du traitement<\/h3>\n<p>Le responsable du traitement des donn\u00e9es sur ce site internet est :<\/p>\n<p><strong>The Purple Dog S\u00e0rl \u2013 Salon de toilettage pour chiens Luxembourg<\/strong><br \/>\n185B, Route de Thionville<br \/>\nL-2611 Howald<\/p>\n<h3>Contact<\/h3>\n<p>Nicole Theobald<br \/>\nT\u00e9l\u00e9phone : +352 264 826 49<br \/>\nMobile : +352 621 476 077<br \/>\nE-Mail : <a href=\"mailto:contact@purpledog.lu\">contact@purpledog.lu<\/a><\/p>\n<h3>2. Protection des donn\u00e9es personnelles<\/h3>\n<p>Nous attachons une grande importance \u00e0 la protection de vos donn\u00e9es personnelles. Toutes les donn\u00e9es collect\u00e9es via ce site sont trait\u00e9es de mani\u00e8re confidentielle et conform\u00e9ment aux dispositions l\u00e9gales applicables en mati\u00e8re de protection des donn\u00e9es, en particulier le R\u00e8glement g\u00e9n\u00e9ral sur la protection des donn\u00e9es (RGPD).<\/p>\n<h3>3. Collecte et utilisation des donn\u00e9es<\/h3>\n<p>En principe, l\u2019utilisation de notre site internet est possible sans fournir de donn\u00e9es personnelles. Dans la mesure o\u00f9 des donn\u00e9es personnelles (par exemple nom, adresse ou adresse e-mail) sont collect\u00e9es sur notre site, cela se fait, dans la mesure du possible, toujours sur une base volontaire.<\/p>\n<p>Les donn\u00e9es ne seront pas transmises \u00e0 des tiers sans votre consentement expr\u00e8s.<\/p>\n<h3>4. Droits des personnes concern\u00e9es<\/h3>\n<p>Vous avez le droit d\u2019obtenir \u00e0 tout moment des informations gratuites sur vos donn\u00e9es personnelles enregistr\u00e9es, leur origine et leur destinataire, ainsi que sur la finalit\u00e9 du traitement des donn\u00e9es. Vous avez \u00e9galement le droit de demander la rectification, le blocage ou la suppression de ces donn\u00e9es.<\/p>\n<p>Pour exercer ces droits, vous pouvez nous contacter \u00e0 tout moment aux coordonn\u00e9es mentionn\u00e9es ci-dessus.<\/p>\n<h3>5. S\u00e9curit\u00e9 des donn\u00e9es<\/h3>\n<p>Nous utilisons des mesures techniques et organisationnelles appropri\u00e9es pour prot\u00e9ger vos donn\u00e9es contre tout acc\u00e8s non autoris\u00e9, perte, destruction ou divulgation.<\/p>\n<h3>6. Modifications de la politique de confidentialit\u00e9<\/h3>\n<p>Nous nous r\u00e9servons le droit de modifier cette politique de confidentialit\u00e9 \u00e0 tout moment afin de l\u2019adapter aux \u00e9volutions l\u00e9gales ou techniques. La version actuelle est toujours disponible sur ce site internet.<\/p>\n","protected":false},"excerpt":{"rendered":"<p>Politique de confidentialit\u00e9 1. Responsable du traitement Le responsable du traitement des donn\u00e9es sur ce site internet est : The Purple Dog S\u00e0rl \u2013 Salon de toilettage pour chiens Luxembourg 185B, Route de Thionville L-2611 Howald Contact Nicole Theobald T\u00e9l\u00e9phone : +352 264 826 49 Mobile : +352 621 476 077 E-Mail : contact@purpledog.lu 2. [&hellip;]<\/p>\n","protected":false},"author":1,"featured_media":0,"parent":0,"menu_order":0,"comment_status":"closed","ping_status":"closed","template":"","meta":{"_et_pb_use_builder":"","_et_pb_old_content":"","_et_gb_content_width":"","footnotes":""},"class_list":["post-20","page","type-page","status-publish","hentry"],"_links":{"self":[{"href":"https:\/\/purpledog.lu\/fr\/wp-json\/wp\/v2\/pages\/20","targetHints":{"allow":["GET"]}}],"collection":[{"href":"https:\/\/purpledog.lu\/fr\/wp-json\/wp\/v2\/pages"}],"about":[{"href":"https:\/\/purpledog.lu\/fr\/wp-json\/wp\/v2\/types\/page"}],"author":[{"embeddable":true,"href":"https:\/\/purpledog.lu\/fr\/wp-json\/wp\/v2\/users\/1"}],"replies":[{"embeddable":true,"href":"https:\/\/purpledog.lu\/fr\/wp-json\/wp\/v2\/comments?post=20"}],"version-history":[{"count":1,"href":"https:\/\/purpledog.lu\/fr\/wp-json\/wp\/v2\/pages\/20\/revisions"}],"predecessor-version":[{"id":21,"href":"https:\/\/purpledog.lu\/fr\/wp-json\/wp\/v2\/pages\/20\/revisions\/21"}],"wp:attachment":[{"href":"https:\/\/purpledog.lu\/fr\/wp-json\/wp\/v2\/media?parent=20"}],"curies":[{"name":"wp","href":"https:\/\/api.w.org\/{rel}","templated":true}]}}