{"id":18,"date":"2025-10-05T11:05:14","date_gmt":"2025-10-05T09:05:14","guid":{"rendered":"https:\/\/purpledog.lu\/fr\/?page_id=18"},"modified":"2025-10-05T11:05:14","modified_gmt":"2025-10-05T09:05:14","slug":"mentions-legales","status":"publish","type":"page","link":"https:\/\/purpledog.lu\/fr\/mentions-legales\/","title":{"rendered":"Mentions l\u00e9gales"},"content":{"rendered":"<h2>Mentions l\u00e9gales<\/h2>\n<p><strong>The Purple Dog S\u00e0rl<\/strong><br \/>\n185B, Route de Thionville<br \/>\nL-2611 Howald<\/p>\n<h3>Contact :<\/h3>\n<p>Nicole Theobald<br \/>\nT\u00e9l\u00e9phone : +352 264 826 49<br \/>\nMobile : +352 621 476 077<br \/>\nE-Mail : <a href=\"mailto:contact@purpledog.lu\">contact@purpledog.lu<\/a><\/p>\n<h3>Informations sur le site :<\/h3>\n<p>Ce site web a \u00e9t\u00e9 con\u00e7u et d\u00e9velopp\u00e9 par <strong>Sebastian Paulke, ONLINESHOP24<\/strong>.<\/p>\n","protected":false},"excerpt":{"rendered":"<p>Mentions l\u00e9gales The Purple Dog S\u00e0rl 185B, Route de Thionville L-2611 Howald Contact : Nicole Theobald T\u00e9l\u00e9phone : +352 264 826 49 Mobile : +352 621 476 077 E-Mail : contact@purpledog.lu Informations sur le site : Ce site web a \u00e9t\u00e9 con\u00e7u et d\u00e9velopp\u00e9 par Sebastian Paulke, ONLINESHOP24.<\/p>\n","protected":false},"author":1,"featured_media":0,"parent":0,"menu_order":0,"comment_status":"closed","ping_status":"closed","template":"","meta":{"_et_pb_use_builder":"","_et_pb_old_content":"","_et_gb_content_width":"","footnotes":""},"class_list":["post-18","page","type-page","status-publish","hentry"],"_links":{"self":[{"href":"https:\/\/purpledog.lu\/fr\/wp-json\/wp\/v2\/pages\/18","targetHints":{"allow":["GET"]}}],"collection":[{"href":"https:\/\/purpledog.lu\/fr\/wp-json\/wp\/v2\/pages"}],"about":[{"href":"https:\/\/purpledog.lu\/fr\/wp-json\/wp\/v2\/types\/page"}],"author":[{"embeddable":true,"href":"https:\/\/purpledog.lu\/fr\/wp-json\/wp\/v2\/users\/1"}],"replies":[{"embeddable":true,"href":"https:\/\/purpledog.lu\/fr\/wp-json\/wp\/v2\/comments?post=18"}],"version-history":[{"count":1,"href":"https:\/\/purpledog.lu\/fr\/wp-json\/wp\/v2\/pages\/18\/revisions"}],"predecessor-version":[{"id":19,"href":"https:\/\/purpledog.lu\/fr\/wp-json\/wp\/v2\/pages\/18\/revisions\/19"}],"wp:attachment":[{"href":"https:\/\/purpledog.lu\/fr\/wp-json\/wp\/v2\/media?parent=18"}],"curies":[{"name":"wp","href":"https:\/\/api.w.org\/{rel}","templated":true}]}}